{"id":70,"date":"2020-01-03T14:55:48","date_gmt":"2020-01-03T14:55:48","guid":{"rendered":"http:\/\/goldhaar-plattling.de\/?page_id=70"},"modified":"2024-06-17T16:17:53","modified_gmt":"2024-06-17T16:17:53","slug":"team","status":"publish","type":"page","link":"https:\/\/goldhaar-plattling.de\/?page_id=70","title":{"rendered":"UNSER TEAM"},"content":{"rendered":"\t\t<div data-elementor-type=\"wp-page\" data-elementor-id=\"70\" class=\"elementor elementor-70\">\n\t\t\t\t\t\t<section class=\"elementor-section elementor-top-section elementor-element elementor-element-538e0b4 elementor-section-boxed elementor-section-height-default elementor-section-height-default\" data-id=\"538e0b4\" data-element_type=\"section\" data-e-type=\"section\">\n\t\t\t\t\t\t<div class=\"elementor-container elementor-column-gap-default\">\n\t\t\t\t\t<div class=\"elementor-column elementor-col-66 elementor-top-column elementor-element elementor-element-9c616ac\" data-id=\"9c616ac\" data-element_type=\"column\" data-e-type=\"column\">\n\t\t\t<div class=\"elementor-widget-wrap elementor-element-populated\">\n\t\t\t\t\t\t<div class=\"elementor-element elementor-element-6751384 elementor-widget elementor-widget-text-editor\" data-id=\"6751384\" data-element_type=\"widget\" data-e-type=\"widget\" data-widget_type=\"text-editor.default\">\n\t\t\t\t<div class=\"elementor-widget-container\">\n\t\t\t\t\t\t\t\t\t<h4 class=\"style-3 \"><span style=\"font-family: -apple-system, BlinkMacSystemFont, 'Segoe UI', Roboto, Oxygen-Sans, Ubuntu, Cantarell, 'Helvetica Neue', sans-serif;\">Das GoldHAAR-Team freut sich auf deinen Besuch im Friseursalon in Plattling<\/span><\/h4><div class=\"wpb_text_column wpb_content_element \"><div class=\"wpb_wrapper\"><p>Wir sind f\u00fcnf hochprofessionellen Friseurinnen und mit Leidenschaft dabei! Ob Haare schneiden, f\u00e4rben oder auch eine Haarverl\u00e4ngerung \u2013 das GoldHAAR Team freut such auf deinen Besuch. <br \/>Mit einer trendbewussten und kompetenten Art beraten wir dich gerne.<\/p><\/div><\/div>\t\t\t\t\t\t\t\t<\/div>\n\t\t\t\t<\/div>\n\t\t\t\t\t<\/div>\n\t\t<\/div>\n\t\t\t\t<div class=\"elementor-column elementor-col-33 elementor-top-column elementor-element elementor-element-d3752ff\" data-id=\"d3752ff\" data-element_type=\"column\" data-e-type=\"column\">\n\t\t\t<div class=\"elementor-widget-wrap elementor-element-populated\">\n\t\t\t\t\t\t<div class=\"elementor-element elementor-element-dbf29c6 elementor-widget elementor-widget-image\" data-id=\"dbf29c6\" data-element_type=\"widget\" data-e-type=\"widget\" data-widget_type=\"image.default\">\n\t\t\t\t<div class=\"elementor-widget-container\">\n\t\t\t\t\t\t\t\t\t\t\t\t\t\t\t<img fetchpriority=\"high\" decoding=\"async\" width=\"1024\" height=\"683\" src=\"https:\/\/goldhaar-plattling.de\/wp-content\/uploads\/2024\/06\/2024-05-11-GoldHAAR-037-1024x683.jpg\" class=\"attachment-large size-large wp-image-268\" alt=\"\" srcset=\"https:\/\/goldhaar-plattling.de\/wp-content\/uploads\/2024\/06\/2024-05-11-GoldHAAR-037-1024x683.jpg 1024w, https:\/\/goldhaar-plattling.de\/wp-content\/uploads\/2024\/06\/2024-05-11-GoldHAAR-037-300x200.jpg 300w, https:\/\/goldhaar-plattling.de\/wp-content\/uploads\/2024\/06\/2024-05-11-GoldHAAR-037-768x512.jpg 768w, https:\/\/goldhaar-plattling.de\/wp-content\/uploads\/2024\/06\/2024-05-11-GoldHAAR-037-1536x1024.jpg 1536w, https:\/\/goldhaar-plattling.de\/wp-content\/uploads\/2024\/06\/2024-05-11-GoldHAAR-037-2048x1365.jpg 2048w, https:\/\/goldhaar-plattling.de\/wp-content\/uploads\/2024\/06\/2024-05-11-GoldHAAR-037-1000x667.jpg 1000w, https:\/\/goldhaar-plattling.de\/wp-content\/uploads\/2024\/06\/2024-05-11-GoldHAAR-037-230x153.jpg 230w, https:\/\/goldhaar-plattling.de\/wp-content\/uploads\/2024\/06\/2024-05-11-GoldHAAR-037-350x233.jpg 350w, https:\/\/goldhaar-plattling.de\/wp-content\/uploads\/2024\/06\/2024-05-11-GoldHAAR-037-480x320.jpg 480w\" sizes=\"(max-width: 1024px) 100vw, 1024px\" \/>\t\t\t\t\t\t\t\t\t\t\t\t\t\t\t<\/div>\n\t\t\t\t<\/div>\n\t\t\t\t\t<\/div>\n\t\t<\/div>\n\t\t\t\t\t<\/div>\n\t\t<\/section>\n\t\t\t\t<section class=\"elementor-section elementor-top-section elementor-element elementor-element-32ac322 elementor-section-boxed elementor-section-height-default elementor-section-height-default\" data-id=\"32ac322\" data-element_type=\"section\" data-e-type=\"section\">\n\t\t\t\t\t\t<div class=\"elementor-container elementor-column-gap-default\">\n\t\t\t\t\t<div class=\"elementor-column elementor-col-33 elementor-top-column elementor-element elementor-element-21c8fd9\" data-id=\"21c8fd9\" data-element_type=\"column\" data-e-type=\"column\">\n\t\t\t<div class=\"elementor-widget-wrap elementor-element-populated\">\n\t\t\t\t\t\t<div class=\"elementor-element elementor-element-d8955af elementor-widget elementor-widget-image\" data-id=\"d8955af\" data-element_type=\"widget\" data-e-type=\"widget\" data-widget_type=\"image.default\">\n\t\t\t\t<div class=\"elementor-widget-container\">\n\t\t\t\t\t\t\t\t\t\t\t\t\t\t\t<img decoding=\"async\" width=\"683\" height=\"1024\" src=\"https:\/\/goldhaar-plattling.de\/wp-content\/uploads\/2024\/06\/2024-05-11-GoldHAAR-013-683x1024.jpg\" class=\"attachment-large size-large wp-image-262\" alt=\"\" srcset=\"https:\/\/goldhaar-plattling.de\/wp-content\/uploads\/2024\/06\/2024-05-11-GoldHAAR-013-683x1024.jpg 683w, https:\/\/goldhaar-plattling.de\/wp-content\/uploads\/2024\/06\/2024-05-11-GoldHAAR-013-200x300.jpg 200w, https:\/\/goldhaar-plattling.de\/wp-content\/uploads\/2024\/06\/2024-05-11-GoldHAAR-013-768x1152.jpg 768w, https:\/\/goldhaar-plattling.de\/wp-content\/uploads\/2024\/06\/2024-05-11-GoldHAAR-013-1024x1536.jpg 1024w, https:\/\/goldhaar-plattling.de\/wp-content\/uploads\/2024\/06\/2024-05-11-GoldHAAR-013-1365x2048.jpg 1365w, https:\/\/goldhaar-plattling.de\/wp-content\/uploads\/2024\/06\/2024-05-11-GoldHAAR-013-1000x1500.jpg 1000w, https:\/\/goldhaar-plattling.de\/wp-content\/uploads\/2024\/06\/2024-05-11-GoldHAAR-013-230x345.jpg 230w, https:\/\/goldhaar-plattling.de\/wp-content\/uploads\/2024\/06\/2024-05-11-GoldHAAR-013-350x525.jpg 350w, https:\/\/goldhaar-plattling.de\/wp-content\/uploads\/2024\/06\/2024-05-11-GoldHAAR-013-480x720.jpg 480w, https:\/\/goldhaar-plattling.de\/wp-content\/uploads\/2024\/06\/2024-05-11-GoldHAAR-013-scaled.jpg 1707w\" sizes=\"(max-width: 683px) 100vw, 683px\" \/>\t\t\t\t\t\t\t\t\t\t\t\t\t\t\t<\/div>\n\t\t\t\t<\/div>\n\t\t\t\t\t<\/div>\n\t\t<\/div>\n\t\t\t\t<div class=\"elementor-column elementor-col-33 elementor-top-column elementor-element elementor-element-e481afc\" data-id=\"e481afc\" data-element_type=\"column\" data-e-type=\"column\">\n\t\t\t<div class=\"elementor-widget-wrap elementor-element-populated\">\n\t\t\t\t\t\t<div class=\"elementor-element elementor-element-5964b72 elementor-widget elementor-widget-image\" data-id=\"5964b72\" data-element_type=\"widget\" data-e-type=\"widget\" data-widget_type=\"image.default\">\n\t\t\t\t<div class=\"elementor-widget-container\">\n\t\t\t\t\t\t\t\t\t\t\t\t\t\t\t<img decoding=\"async\" width=\"683\" height=\"1024\" src=\"https:\/\/goldhaar-plattling.de\/wp-content\/uploads\/2024\/06\/2024-05-11-GoldHAAR-029-683x1024.jpg\" class=\"attachment-large size-large wp-image-266\" alt=\"\" srcset=\"https:\/\/goldhaar-plattling.de\/wp-content\/uploads\/2024\/06\/2024-05-11-GoldHAAR-029-683x1024.jpg 683w, https:\/\/goldhaar-plattling.de\/wp-content\/uploads\/2024\/06\/2024-05-11-GoldHAAR-029-200x300.jpg 200w, https:\/\/goldhaar-plattling.de\/wp-content\/uploads\/2024\/06\/2024-05-11-GoldHAAR-029-768x1152.jpg 768w, https:\/\/goldhaar-plattling.de\/wp-content\/uploads\/2024\/06\/2024-05-11-GoldHAAR-029-1024x1536.jpg 1024w, https:\/\/goldhaar-plattling.de\/wp-content\/uploads\/2024\/06\/2024-05-11-GoldHAAR-029-1365x2048.jpg 1365w, https:\/\/goldhaar-plattling.de\/wp-content\/uploads\/2024\/06\/2024-05-11-GoldHAAR-029-1000x1500.jpg 1000w, https:\/\/goldhaar-plattling.de\/wp-content\/uploads\/2024\/06\/2024-05-11-GoldHAAR-029-230x345.jpg 230w, https:\/\/goldhaar-plattling.de\/wp-content\/uploads\/2024\/06\/2024-05-11-GoldHAAR-029-350x525.jpg 350w, https:\/\/goldhaar-plattling.de\/wp-content\/uploads\/2024\/06\/2024-05-11-GoldHAAR-029-480x720.jpg 480w, https:\/\/goldhaar-plattling.de\/wp-content\/uploads\/2024\/06\/2024-05-11-GoldHAAR-029-scaled.jpg 1707w\" sizes=\"(max-width: 683px) 100vw, 683px\" \/>\t\t\t\t\t\t\t\t\t\t\t\t\t\t\t<\/div>\n\t\t\t\t<\/div>\n\t\t\t\t\t<\/div>\n\t\t<\/div>\n\t\t\t\t<div class=\"elementor-column elementor-col-33 elementor-top-column elementor-element elementor-element-a481203\" data-id=\"a481203\" data-element_type=\"column\" data-e-type=\"column\">\n\t\t\t<div class=\"elementor-widget-wrap elementor-element-populated\">\n\t\t\t\t\t\t<div class=\"elementor-element elementor-element-8d36495 elementor-widget elementor-widget-image\" data-id=\"8d36495\" data-element_type=\"widget\" data-e-type=\"widget\" data-widget_type=\"image.default\">\n\t\t\t\t<div class=\"elementor-widget-container\">\n\t\t\t\t\t\t\t\t\t\t\t\t\t\t\t<img loading=\"lazy\" decoding=\"async\" width=\"683\" height=\"1024\" src=\"https:\/\/goldhaar-plattling.de\/wp-content\/uploads\/2024\/06\/2024-05-11-GoldHAAR-026-683x1024.jpg\" class=\"attachment-large size-large wp-image-265\" alt=\"\" srcset=\"https:\/\/goldhaar-plattling.de\/wp-content\/uploads\/2024\/06\/2024-05-11-GoldHAAR-026-683x1024.jpg 683w, https:\/\/goldhaar-plattling.de\/wp-content\/uploads\/2024\/06\/2024-05-11-GoldHAAR-026-200x300.jpg 200w, https:\/\/goldhaar-plattling.de\/wp-content\/uploads\/2024\/06\/2024-05-11-GoldHAAR-026-768x1152.jpg 768w, https:\/\/goldhaar-plattling.de\/wp-content\/uploads\/2024\/06\/2024-05-11-GoldHAAR-026-1024x1536.jpg 1024w, https:\/\/goldhaar-plattling.de\/wp-content\/uploads\/2024\/06\/2024-05-11-GoldHAAR-026-1365x2048.jpg 1365w, https:\/\/goldhaar-plattling.de\/wp-content\/uploads\/2024\/06\/2024-05-11-GoldHAAR-026-1000x1500.jpg 1000w, https:\/\/goldhaar-plattling.de\/wp-content\/uploads\/2024\/06\/2024-05-11-GoldHAAR-026-230x345.jpg 230w, https:\/\/goldhaar-plattling.de\/wp-content\/uploads\/2024\/06\/2024-05-11-GoldHAAR-026-350x525.jpg 350w, https:\/\/goldhaar-plattling.de\/wp-content\/uploads\/2024\/06\/2024-05-11-GoldHAAR-026-480x720.jpg 480w, https:\/\/goldhaar-plattling.de\/wp-content\/uploads\/2024\/06\/2024-05-11-GoldHAAR-026-scaled.jpg 1707w\" sizes=\"(max-width: 683px) 100vw, 683px\" \/>\t\t\t\t\t\t\t\t\t\t\t\t\t\t\t<\/div>\n\t\t\t\t<\/div>\n\t\t\t\t\t<\/div>\n\t\t<\/div>\n\t\t\t\t\t<\/div>\n\t\t<\/section>\n\t\t\t\t<section class=\"elementor-section elementor-top-section elementor-element elementor-element-8f91baf elementor-section-boxed elementor-section-height-default elementor-section-height-default\" data-id=\"8f91baf\" data-element_type=\"section\" data-e-type=\"section\">\n\t\t\t\t\t\t<div class=\"elementor-container elementor-column-gap-default\">\n\t\t\t\t\t<div class=\"elementor-column elementor-col-33 elementor-top-column elementor-element elementor-element-cb243dd\" data-id=\"cb243dd\" data-element_type=\"column\" data-e-type=\"column\">\n\t\t\t<div class=\"elementor-widget-wrap elementor-element-populated\">\n\t\t\t\t\t\t<div class=\"elementor-element elementor-element-47b2b7a elementor-widget elementor-widget-text-editor\" data-id=\"47b2b7a\" data-element_type=\"widget\" data-e-type=\"widget\" data-widget_type=\"text-editor.default\">\n\t\t\t\t<div class=\"elementor-widget-container\">\n\t\t\t\t\t\t\t\t\t<p>TANJA<\/p>\t\t\t\t\t\t\t\t<\/div>\n\t\t\t\t<\/div>\n\t\t\t\t<div class=\"elementor-element elementor-element-9934443 elementor-widget elementor-widget-spacer\" data-id=\"9934443\" data-element_type=\"widget\" data-e-type=\"widget\" data-widget_type=\"spacer.default\">\n\t\t\t\t<div class=\"elementor-widget-container\">\n\t\t\t\t\t\t\t<div class=\"elementor-spacer\">\n\t\t\t<div class=\"elementor-spacer-inner\"><\/div>\n\t\t<\/div>\n\t\t\t\t\t\t<\/div>\n\t\t\t\t<\/div>\n\t\t\t\t\t<\/div>\n\t\t<\/div>\n\t\t\t\t<div class=\"elementor-column elementor-col-33 elementor-top-column elementor-element elementor-element-c48570b\" data-id=\"c48570b\" data-element_type=\"column\" data-e-type=\"column\">\n\t\t\t<div class=\"elementor-widget-wrap elementor-element-populated\">\n\t\t\t\t\t\t<div class=\"elementor-element elementor-element-e3dd051 elementor-widget elementor-widget-text-editor\" data-id=\"e3dd051\" data-element_type=\"widget\" data-e-type=\"widget\" data-widget_type=\"text-editor.default\">\n\t\t\t\t<div class=\"elementor-widget-container\">\n\t\t\t\t\t\t\t\t\t<p>LENA<\/p>\t\t\t\t\t\t\t\t<\/div>\n\t\t\t\t<\/div>\n\t\t\t\t\t<\/div>\n\t\t<\/div>\n\t\t\t\t<div class=\"elementor-column elementor-col-33 elementor-top-column elementor-element elementor-element-ee6db9b\" data-id=\"ee6db9b\" data-element_type=\"column\" data-e-type=\"column\">\n\t\t\t<div class=\"elementor-widget-wrap elementor-element-populated\">\n\t\t\t\t\t\t<div class=\"elementor-element elementor-element-e63479b elementor-widget elementor-widget-text-editor\" data-id=\"e63479b\" data-element_type=\"widget\" data-e-type=\"widget\" data-widget_type=\"text-editor.default\">\n\t\t\t\t<div class=\"elementor-widget-container\">\n\t\t\t\t\t\t\t\t\t<p>PAULINA<\/p>\t\t\t\t\t\t\t\t<\/div>\n\t\t\t\t<\/div>\n\t\t\t\t\t<\/div>\n\t\t<\/div>\n\t\t\t\t\t<\/div>\n\t\t<\/section>\n\t\t\t\t<section class=\"elementor-section elementor-top-section elementor-element elementor-element-84e087d elementor-section-boxed elementor-section-height-default elementor-section-height-default\" data-id=\"84e087d\" data-element_type=\"section\" data-e-type=\"section\">\n\t\t\t\t\t\t<div class=\"elementor-container elementor-column-gap-default\">\n\t\t\t\t\t<div class=\"elementor-column elementor-col-33 elementor-top-column elementor-element elementor-element-14ec76d\" data-id=\"14ec76d\" data-element_type=\"column\" data-e-type=\"column\">\n\t\t\t<div class=\"elementor-widget-wrap elementor-element-populated\">\n\t\t\t\t\t\t<div class=\"elementor-element elementor-element-06975e5 elementor-widget elementor-widget-image\" data-id=\"06975e5\" data-element_type=\"widget\" data-e-type=\"widget\" data-widget_type=\"image.default\">\n\t\t\t\t<div class=\"elementor-widget-container\">\n\t\t\t\t\t\t\t\t\t\t\t\t\t\t\t<img loading=\"lazy\" decoding=\"async\" width=\"683\" height=\"1024\" src=\"https:\/\/goldhaar-plattling.de\/wp-content\/uploads\/2024\/06\/2024-05-11-GoldHAAR-019-683x1024.jpg\" class=\"attachment-large size-large wp-image-264\" alt=\"\" srcset=\"https:\/\/goldhaar-plattling.de\/wp-content\/uploads\/2024\/06\/2024-05-11-GoldHAAR-019-683x1024.jpg 683w, https:\/\/goldhaar-plattling.de\/wp-content\/uploads\/2024\/06\/2024-05-11-GoldHAAR-019-200x300.jpg 200w, https:\/\/goldhaar-plattling.de\/wp-content\/uploads\/2024\/06\/2024-05-11-GoldHAAR-019-768x1152.jpg 768w, https:\/\/goldhaar-plattling.de\/wp-content\/uploads\/2024\/06\/2024-05-11-GoldHAAR-019-1024x1536.jpg 1024w, https:\/\/goldhaar-plattling.de\/wp-content\/uploads\/2024\/06\/2024-05-11-GoldHAAR-019-1365x2048.jpg 1365w, https:\/\/goldhaar-plattling.de\/wp-content\/uploads\/2024\/06\/2024-05-11-GoldHAAR-019-1000x1500.jpg 1000w, https:\/\/goldhaar-plattling.de\/wp-content\/uploads\/2024\/06\/2024-05-11-GoldHAAR-019-230x345.jpg 230w, https:\/\/goldhaar-plattling.de\/wp-content\/uploads\/2024\/06\/2024-05-11-GoldHAAR-019-350x525.jpg 350w, https:\/\/goldhaar-plattling.de\/wp-content\/uploads\/2024\/06\/2024-05-11-GoldHAAR-019-480x720.jpg 480w, https:\/\/goldhaar-plattling.de\/wp-content\/uploads\/2024\/06\/2024-05-11-GoldHAAR-019-scaled.jpg 1707w\" sizes=\"(max-width: 683px) 100vw, 683px\" \/>\t\t\t\t\t\t\t\t\t\t\t\t\t\t\t<\/div>\n\t\t\t\t<\/div>\n\t\t\t\t\t<\/div>\n\t\t<\/div>\n\t\t\t\t<div class=\"elementor-column elementor-col-33 elementor-top-column elementor-element elementor-element-749c040\" data-id=\"749c040\" data-element_type=\"column\" data-e-type=\"column\">\n\t\t\t<div class=\"elementor-widget-wrap elementor-element-populated\">\n\t\t\t\t\t\t<div class=\"elementor-element elementor-element-a486725 elementor-widget elementor-widget-image\" data-id=\"a486725\" data-element_type=\"widget\" data-e-type=\"widget\" data-widget_type=\"image.default\">\n\t\t\t\t<div class=\"elementor-widget-container\">\n\t\t\t\t\t\t\t\t\t\t\t\t\t\t\t<img loading=\"lazy\" decoding=\"async\" width=\"683\" height=\"1024\" src=\"https:\/\/goldhaar-plattling.de\/wp-content\/uploads\/2024\/06\/2024-05-11-GoldHAAR-015-683x1024.jpg\" class=\"attachment-large size-large wp-image-263\" alt=\"\" srcset=\"https:\/\/goldhaar-plattling.de\/wp-content\/uploads\/2024\/06\/2024-05-11-GoldHAAR-015-683x1024.jpg 683w, https:\/\/goldhaar-plattling.de\/wp-content\/uploads\/2024\/06\/2024-05-11-GoldHAAR-015-200x300.jpg 200w, https:\/\/goldhaar-plattling.de\/wp-content\/uploads\/2024\/06\/2024-05-11-GoldHAAR-015-768x1152.jpg 768w, https:\/\/goldhaar-plattling.de\/wp-content\/uploads\/2024\/06\/2024-05-11-GoldHAAR-015-1024x1536.jpg 1024w, https:\/\/goldhaar-plattling.de\/wp-content\/uploads\/2024\/06\/2024-05-11-GoldHAAR-015-1365x2048.jpg 1365w, https:\/\/goldhaar-plattling.de\/wp-content\/uploads\/2024\/06\/2024-05-11-GoldHAAR-015-1000x1500.jpg 1000w, https:\/\/goldhaar-plattling.de\/wp-content\/uploads\/2024\/06\/2024-05-11-GoldHAAR-015-230x345.jpg 230w, https:\/\/goldhaar-plattling.de\/wp-content\/uploads\/2024\/06\/2024-05-11-GoldHAAR-015-350x525.jpg 350w, https:\/\/goldhaar-plattling.de\/wp-content\/uploads\/2024\/06\/2024-05-11-GoldHAAR-015-480x720.jpg 480w, https:\/\/goldhaar-plattling.de\/wp-content\/uploads\/2024\/06\/2024-05-11-GoldHAAR-015-scaled.jpg 1707w\" sizes=\"(max-width: 683px) 100vw, 683px\" \/>\t\t\t\t\t\t\t\t\t\t\t\t\t\t\t<\/div>\n\t\t\t\t<\/div>\n\t\t\t\t\t<\/div>\n\t\t<\/div>\n\t\t\t\t<div class=\"elementor-column elementor-col-33 elementor-top-column elementor-element elementor-element-9746bdd\" data-id=\"9746bdd\" data-element_type=\"column\" data-e-type=\"column\">\n\t\t\t<div class=\"elementor-widget-wrap\">\n\t\t\t\t\t\t\t<\/div>\n\t\t<\/div>\n\t\t\t\t\t<\/div>\n\t\t<\/section>\n\t\t\t\t<section class=\"elementor-section elementor-top-section elementor-element elementor-element-851fc78 elementor-section-boxed elementor-section-height-default elementor-section-height-default\" data-id=\"851fc78\" data-element_type=\"section\" data-e-type=\"section\">\n\t\t\t\t\t\t<div class=\"elementor-container elementor-column-gap-default\">\n\t\t\t\t\t<div class=\"elementor-column elementor-col-33 elementor-top-column elementor-element elementor-element-51111fe\" data-id=\"51111fe\" data-element_type=\"column\" data-e-type=\"column\">\n\t\t\t<div class=\"elementor-widget-wrap elementor-element-populated\">\n\t\t\t\t\t\t<div class=\"elementor-element elementor-element-42dfc36 elementor-widget elementor-widget-text-editor\" data-id=\"42dfc36\" data-element_type=\"widget\" data-e-type=\"widget\" data-widget_type=\"text-editor.default\">\n\t\t\t\t<div class=\"elementor-widget-container\">\n\t\t\t\t\t\t\t\t\t<p>STEPHIE<\/p>\t\t\t\t\t\t\t\t<\/div>\n\t\t\t\t<\/div>\n\t\t\t\t\t<\/div>\n\t\t<\/div>\n\t\t\t\t<div class=\"elementor-column elementor-col-33 elementor-top-column elementor-element elementor-element-686f767\" data-id=\"686f767\" data-element_type=\"column\" data-e-type=\"column\">\n\t\t\t<div class=\"elementor-widget-wrap elementor-element-populated\">\n\t\t\t\t\t\t<div class=\"elementor-element elementor-element-ab9af28 elementor-widget elementor-widget-text-editor\" data-id=\"ab9af28\" data-element_type=\"widget\" data-e-type=\"widget\" data-widget_type=\"text-editor.default\">\n\t\t\t\t<div class=\"elementor-widget-container\">\n\t\t\t\t\t\t\t\t\t<p>CHRISSY<\/p>\t\t\t\t\t\t\t\t<\/div>\n\t\t\t\t<\/div>\n\t\t\t\t\t<\/div>\n\t\t<\/div>\n\t\t\t\t<div class=\"elementor-column elementor-col-33 elementor-top-column elementor-element elementor-element-a454669\" data-id=\"a454669\" data-element_type=\"column\" data-e-type=\"column\">\n\t\t\t<div class=\"elementor-widget-wrap\">\n\t\t\t\t\t\t\t<\/div>\n\t\t<\/div>\n\t\t\t\t\t<\/div>\n\t\t<\/section>\n\t\t\t\t<\/div>\n\t\t","protected":false},"excerpt":{"rendered":"<p>Das GoldHAAR-Team freut sich auf deinen Besuch im Friseursalon in Plattling Wir sind f\u00fcnf hochprofessionellen Friseurinnen und mit Leidenschaft dabei! Ob Haare [&hellip;]<\/p>\n","protected":false},"author":1,"featured_media":0,"parent":0,"menu_order":0,"comment_status":"closed","ping_status":"closed","template":"","meta":{"footnotes":""},"class_list":["post-70","page","type-page","status-publish","hentry"],"_links":{"self":[{"href":"https:\/\/goldhaar-plattling.de\/index.php?rest_route=\/wp\/v2\/pages\/70","targetHints":{"allow":["GET"]}}],"collection":[{"href":"https:\/\/goldhaar-plattling.de\/index.php?rest_route=\/wp\/v2\/pages"}],"about":[{"href":"https:\/\/goldhaar-plattling.de\/index.php?rest_route=\/wp\/v2\/types\/page"}],"author":[{"embeddable":true,"href":"https:\/\/goldhaar-plattling.de\/index.php?rest_route=\/wp\/v2\/users\/1"}],"replies":[{"embeddable":true,"href":"https:\/\/goldhaar-plattling.de\/index.php?rest_route=%2Fwp%2Fv2%2Fcomments&post=70"}],"version-history":[{"count":23,"href":"https:\/\/goldhaar-plattling.de\/index.php?rest_route=\/wp\/v2\/pages\/70\/revisions"}],"predecessor-version":[{"id":278,"href":"https:\/\/goldhaar-plattling.de\/index.php?rest_route=\/wp\/v2\/pages\/70\/revisions\/278"}],"wp:attachment":[{"href":"https:\/\/goldhaar-plattling.de\/index.php?rest_route=%2Fwp%2Fv2%2Fmedia&parent=70"}],"curies":[{"name":"wp","href":"https:\/\/api.w.org\/{rel}","templated":true}]}}